{"id":39,"date":"2023-02-15T21:16:29","date_gmt":"2023-02-15T21:16:29","guid":{"rendered":"https:\/\/msb-veranstaltungstechnik.de\/?page_id=39"},"modified":"2025-08-11T09:57:32","modified_gmt":"2025-08-11T09:57:32","slug":"kontakt","status":"publish","type":"page","link":"https:\/\/msb-veranstaltungstechnik.de\/?page_id=39","title":{"rendered":"Kontakt"},"content":{"rendered":"\n<h3 class=\"wp-block-heading\">Adresse unseres Lagers f\u00fcr Selbstabholer:<br><\/h3>\n\n\n\n<p>Zu den H\u00f6fen 9<br>57439 Attendorn<\/p>\n\n\n\n<iframe src=\"https:\/\/www.google.com\/maps\/embed?pb=!1m14!1m8!1m3!1d1257.067439762947!2d7.908828851833122!3d51.13243884339766!3m2!1i1024!2i768!4f13.1!3m3!1m2!1s0x47b9538859ae9849%3A0xfc4d986ab43bd69e!2sMSB%20Veranstaltungstechnik!5e1!3m2!1sde!2sde!4v1676496085733!5m2!1sde!2sde\" width=\"100%\" height=\"600\" style=\"border:0;\" allowfullscreen=\"\" loading=\"lazy\" referrerpolicy=\"no-referrer-when-downgrade\"><\/iframe>\n\n\n\n<hr class=\"wp-block-separator has-alpha-channel-opacity\"\/>\n\n\n\n<div class=\"wp-block-columns is-layout-flex wp-container-core-columns-is-layout-9d6595d7 wp-block-columns-is-layout-flex\">\n<div class=\"wp-block-column is-layout-flow wp-block-column-is-layout-flow\">\n<h4 class=\"wp-block-heading has-text-align-center\"><strong>Stephan M\u00fcller<\/strong><\/h4>\n\n\n<div class=\"wp-block-image\">\n<figure class=\"aligncenter size-large\"><img loading=\"lazy\" decoding=\"async\" width=\"1024\" height=\"1024\" src=\"https:\/\/msb-veranstaltungstechnik.de\/wp-content\/uploads\/2023\/02\/Stephan-Mueller-1024x1024.png\" alt=\"\" class=\"wp-image-27\" srcset=\"https:\/\/msb-veranstaltungstechnik.de\/wp-content\/uploads\/2023\/02\/Stephan-Mueller-1024x1024.png 1024w, https:\/\/msb-veranstaltungstechnik.de\/wp-content\/uploads\/2023\/02\/Stephan-Mueller-300x300.png 300w, https:\/\/msb-veranstaltungstechnik.de\/wp-content\/uploads\/2023\/02\/Stephan-Mueller-150x150.png 150w, https:\/\/msb-veranstaltungstechnik.de\/wp-content\/uploads\/2023\/02\/Stephan-Mueller-768x768.png 768w, https:\/\/msb-veranstaltungstechnik.de\/wp-content\/uploads\/2023\/02\/Stephan-Mueller-570x570.png 570w, https:\/\/msb-veranstaltungstechnik.de\/wp-content\/uploads\/2023\/02\/Stephan-Mueller-510x510.png 510w, https:\/\/msb-veranstaltungstechnik.de\/wp-content\/uploads\/2023\/02\/Stephan-Mueller.png 1111w\" sizes=\"auto, (max-width: 1024px) 100vw, 1024px\" \/><\/figure>\n<\/div>\n\n\n<p class=\"has-text-align-center\"><strong>Stephan M\u00fcller<\/strong><br>s.mueller@msb-vst.de<br>(+49) 160 \u2013 923 62 166<\/p>\n<\/div>\n\n\n\n<div class=\"wp-block-column is-layout-flow wp-block-column-is-layout-flow\">\n<h4 class=\"wp-block-heading has-text-align-center\"><strong>Patrick Sch\u00fcrholz<\/strong><\/h4>\n\n\n<div class=\"wp-block-image\">\n<figure class=\"aligncenter size-large\"><img loading=\"lazy\" decoding=\"async\" width=\"1024\" height=\"1024\" src=\"https:\/\/msb-veranstaltungstechnik.de\/wp-content\/uploads\/2023\/02\/Patrick-Schuerholz-1024x1024.png\" alt=\"\" class=\"wp-image-26\" srcset=\"https:\/\/msb-veranstaltungstechnik.de\/wp-content\/uploads\/2023\/02\/Patrick-Schuerholz-1024x1024.png 1024w, https:\/\/msb-veranstaltungstechnik.de\/wp-content\/uploads\/2023\/02\/Patrick-Schuerholz-300x300.png 300w, https:\/\/msb-veranstaltungstechnik.de\/wp-content\/uploads\/2023\/02\/Patrick-Schuerholz-150x150.png 150w, https:\/\/msb-veranstaltungstechnik.de\/wp-content\/uploads\/2023\/02\/Patrick-Schuerholz-768x768.png 768w, https:\/\/msb-veranstaltungstechnik.de\/wp-content\/uploads\/2023\/02\/Patrick-Schuerholz-570x570.png 570w, https:\/\/msb-veranstaltungstechnik.de\/wp-content\/uploads\/2023\/02\/Patrick-Schuerholz-510x510.png 510w, https:\/\/msb-veranstaltungstechnik.de\/wp-content\/uploads\/2023\/02\/Patrick-Schuerholz.png 1111w\" sizes=\"auto, (max-width: 1024px) 100vw, 1024px\" \/><\/figure>\n<\/div>\n\n\n<p class=\"has-text-align-center\"><strong>Patrick Sch\u00fcrholz<\/strong><br>p.schuerholz@msb-vst.de<br>(+49) 151 \u2013 235 28 345<\/p>\n<\/div>\n\n\n\n<div class=\"wp-block-column is-layout-flow wp-block-column-is-layout-flow\">\n<h4 class=\"wp-block-heading has-text-align-center\"><strong>Daniel Besting<\/strong><\/h4>\n\n\n<div class=\"wp-block-image\">\n<figure class=\"aligncenter size-large\"><img loading=\"lazy\" decoding=\"async\" width=\"1024\" height=\"1024\" src=\"https:\/\/msb-veranstaltungstechnik.de\/wp-content\/uploads\/2023\/02\/Daniel-Besting-1024x1024.png\" alt=\"\" class=\"wp-image-25\" srcset=\"https:\/\/msb-veranstaltungstechnik.de\/wp-content\/uploads\/2023\/02\/Daniel-Besting-1024x1024.png 1024w, https:\/\/msb-veranstaltungstechnik.de\/wp-content\/uploads\/2023\/02\/Daniel-Besting-300x300.png 300w, https:\/\/msb-veranstaltungstechnik.de\/wp-content\/uploads\/2023\/02\/Daniel-Besting-150x150.png 150w, https:\/\/msb-veranstaltungstechnik.de\/wp-content\/uploads\/2023\/02\/Daniel-Besting-768x768.png 768w, https:\/\/msb-veranstaltungstechnik.de\/wp-content\/uploads\/2023\/02\/Daniel-Besting-570x570.png 570w, https:\/\/msb-veranstaltungstechnik.de\/wp-content\/uploads\/2023\/02\/Daniel-Besting-510x510.png 510w, https:\/\/msb-veranstaltungstechnik.de\/wp-content\/uploads\/2023\/02\/Daniel-Besting.png 1111w\" sizes=\"auto, (max-width: 1024px) 100vw, 1024px\" \/><\/figure>\n<\/div>\n\n\n<p class=\"has-text-align-center\"><strong>Daniel Besting<\/strong><br>d.besting@msb-vst.de<br>(+49) 151 \u2013 546 03 819<\/p>\n<\/div>\n<\/div>\n\n\n\n<p><\/p>\n","protected":false},"excerpt":{"rendered":"<p>Adresse unseres Lagers f\u00fcr Selbstabholer: Zu den H\u00f6fen 957439 Attendorn Stephan M\u00fcller Stephan M\u00fcllers.mueller@msb-vst.de(+49) 160 \u2013 923 62 166 Patrick Sch\u00fcrholz Patrick Sch\u00fcrholzp.schuerholz@msb-vst.de(+49) 151 \u2013 235 28 345 Daniel Besting Daniel Bestingd.besting@msb-vst.de(+49) 151 \u2013 546 03 819<\/p>\n","protected":false},"author":1,"featured_media":0,"parent":0,"menu_order":0,"comment_status":"closed","ping_status":"closed","template":"","meta":{"footnotes":""},"class_list":["post-39","page","type-page","status-publish","czr-hentry"],"_links":{"self":[{"href":"https:\/\/msb-veranstaltungstechnik.de\/index.php?rest_route=\/wp\/v2\/pages\/39","targetHints":{"allow":["GET"]}}],"collection":[{"href":"https:\/\/msb-veranstaltungstechnik.de\/index.php?rest_route=\/wp\/v2\/pages"}],"about":[{"href":"https:\/\/msb-veranstaltungstechnik.de\/index.php?rest_route=\/wp\/v2\/types\/page"}],"author":[{"embeddable":true,"href":"https:\/\/msb-veranstaltungstechnik.de\/index.php?rest_route=\/wp\/v2\/users\/1"}],"replies":[{"embeddable":true,"href":"https:\/\/msb-veranstaltungstechnik.de\/index.php?rest_route=%2Fwp%2Fv2%2Fcomments&post=39"}],"version-history":[{"count":14,"href":"https:\/\/msb-veranstaltungstechnik.de\/index.php?rest_route=\/wp\/v2\/pages\/39\/revisions"}],"predecessor-version":[{"id":323,"href":"https:\/\/msb-veranstaltungstechnik.de\/index.php?rest_route=\/wp\/v2\/pages\/39\/revisions\/323"}],"wp:attachment":[{"href":"https:\/\/msb-veranstaltungstechnik.de\/index.php?rest_route=%2Fwp%2Fv2%2Fmedia&parent=39"}],"curies":[{"name":"wp","href":"https:\/\/api.w.org\/{rel}","templated":true}]}}