{"id":61,"date":"2023-02-15T21:37:27","date_gmt":"2023-02-15T21:37:27","guid":{"rendered":"https:\/\/msb-veranstaltungstechnik.de\/?page_id=61"},"modified":"2025-12-04T18:55:36","modified_gmt":"2025-12-04T18:55:36","slug":"impressumangaben-gemaess-%c2%a7-5-tmgmueller-schuerholz-besting-gbr","status":"publish","type":"page","link":"https:\/\/msb-veranstaltungstechnik.de\/?page_id=61","title":{"rendered":"Impressum"},"content":{"rendered":"\n<h4 class=\"wp-block-heading\">Angaben gem\u00e4\u00df \u00a7 5 TMG:<br>MSB Veranstaltungstechnik GmbH &amp; Co. KG<\/h4>\n\n\n\n<p>Vertreten durch:<br>Patrick Sch\u00fcrholz<br>Stephan M\u00fcller<br>Daniel Besting <br>Pascal B\u00f6hmer<\/p>\n\n\n\n<p>Zu den H\u00f6fen 13<br>57439 Attendorn<br>Email: info@msb-veranstaltungstechnik.de<br>USt-I dNr:DE 3663 16533<br>Steuernummer: 338\/5860\/5196<\/p>\n\n\n\n<p>Amtsgericht Siegen HRA 9924<\/p>\n\n\n\n<p><\/p>\n\n\n\n<p><\/p>\n\n\n\n<p><\/p>\n","protected":false},"excerpt":{"rendered":"<p>Angaben gem\u00e4\u00df \u00a7 5 TMG:MSB Veranstaltungstechnik GmbH &amp; Co. KG Vertreten durch:Patrick Sch\u00fcrholzStephan M\u00fcllerDaniel Besting Pascal B\u00f6hmer Zu den H\u00f6fen 1357439 AttendornEmail: info@msb-veranstaltungstechnik.deUSt-I dNr:DE 3663 16533Steuernummer: 338\/5860\/5196 Amtsgericht Siegen HRA 9924<\/p>\n","protected":false},"author":1,"featured_media":0,"parent":0,"menu_order":0,"comment_status":"closed","ping_status":"closed","template":"","meta":{"footnotes":""},"class_list":["post-61","page","type-page","status-publish","czr-hentry"],"_links":{"self":[{"href":"https:\/\/msb-veranstaltungstechnik.de\/index.php?rest_route=\/wp\/v2\/pages\/61","targetHints":{"allow":["GET"]}}],"collection":[{"href":"https:\/\/msb-veranstaltungstechnik.de\/index.php?rest_route=\/wp\/v2\/pages"}],"about":[{"href":"https:\/\/msb-veranstaltungstechnik.de\/index.php?rest_route=\/wp\/v2\/types\/page"}],"author":[{"embeddable":true,"href":"https:\/\/msb-veranstaltungstechnik.de\/index.php?rest_route=\/wp\/v2\/users\/1"}],"replies":[{"embeddable":true,"href":"https:\/\/msb-veranstaltungstechnik.de\/index.php?rest_route=%2Fwp%2Fv2%2Fcomments&post=61"}],"version-history":[{"count":5,"href":"https:\/\/msb-veranstaltungstechnik.de\/index.php?rest_route=\/wp\/v2\/pages\/61\/revisions"}],"predecessor-version":[{"id":326,"href":"https:\/\/msb-veranstaltungstechnik.de\/index.php?rest_route=\/wp\/v2\/pages\/61\/revisions\/326"}],"wp:attachment":[{"href":"https:\/\/msb-veranstaltungstechnik.de\/index.php?rest_route=%2Fwp%2Fv2%2Fmedia&parent=61"}],"curies":[{"name":"wp","href":"https:\/\/api.w.org\/{rel}","templated":true}]}}