{"id":71,"date":"2023-02-15T21:39:02","date_gmt":"2023-02-15T21:39:02","guid":{"rendered":"https:\/\/msb-veranstaltungstechnik.de\/?page_id=71"},"modified":"2023-02-15T21:55:02","modified_gmt":"2023-02-15T21:55:02","slug":"rigging-material","status":"publish","type":"page","link":"https:\/\/msb-veranstaltungstechnik.de\/?page_id=71","title":{"rendered":"Rigging Material"},"content":{"rendered":"\n<p>Vermietung von Traversenelementen und Riggingzubeh\u00f6r sowie Stativen, Traversenliften u.\u00e4. Besonders hier sind individuelle Variationen nach dem Baukastenprinzip m\u00f6glich. Nehmen Sie hierzu Kontakt mit uns auf.<\/p>\n\n\n\n<p>Dry Hire Kunden k\u00f6nnen je nach Bedarf, bequem das ben\u00f6tigte Material vor Ort abholen.<\/p>\n","protected":false},"excerpt":{"rendered":"<p>Vermietung von Traversenelementen und Riggingzubeh\u00f6r sowie Stativen, Traversenliften u.\u00e4. Besonders hier sind individuelle Variationen nach dem Baukastenprinzip m\u00f6glich. Nehmen Sie hierzu Kontakt mit uns auf. Dry Hire Kunden k\u00f6nnen je nach Bedarf, bequem das ben\u00f6tigte Material vor Ort abholen.<\/p>\n","protected":false},"author":1,"featured_media":20,"parent":0,"menu_order":0,"comment_status":"closed","ping_status":"closed","template":"","meta":{"footnotes":""},"class_list":["post-71","page","type-page","status-publish","has-post-thumbnail","czr-hentry"],"_links":{"self":[{"href":"https:\/\/msb-veranstaltungstechnik.de\/index.php?rest_route=\/wp\/v2\/pages\/71","targetHints":{"allow":["GET"]}}],"collection":[{"href":"https:\/\/msb-veranstaltungstechnik.de\/index.php?rest_route=\/wp\/v2\/pages"}],"about":[{"href":"https:\/\/msb-veranstaltungstechnik.de\/index.php?rest_route=\/wp\/v2\/types\/page"}],"author":[{"embeddable":true,"href":"https:\/\/msb-veranstaltungstechnik.de\/index.php?rest_route=\/wp\/v2\/users\/1"}],"replies":[{"embeddable":true,"href":"https:\/\/msb-veranstaltungstechnik.de\/index.php?rest_route=%2Fwp%2Fv2%2Fcomments&post=71"}],"version-history":[{"count":1,"href":"https:\/\/msb-veranstaltungstechnik.de\/index.php?rest_route=\/wp\/v2\/pages\/71\/revisions"}],"predecessor-version":[{"id":72,"href":"https:\/\/msb-veranstaltungstechnik.de\/index.php?rest_route=\/wp\/v2\/pages\/71\/revisions\/72"}],"wp:featuredmedia":[{"embeddable":true,"href":"https:\/\/msb-veranstaltungstechnik.de\/index.php?rest_route=\/wp\/v2\/media\/20"}],"wp:attachment":[{"href":"https:\/\/msb-veranstaltungstechnik.de\/index.php?rest_route=%2Fwp%2Fv2%2Fmedia&parent=71"}],"curies":[{"name":"wp","href":"https:\/\/api.w.org\/{rel}","templated":true}]}}